{"id":45,"date":"2012-03-21T20:56:41","date_gmt":"2012-03-21T20:56:41","guid":{"rendered":"http:\/\/blogs.oregonstate.edu\/marquesas\/?page_id=45"},"modified":"2012-04-13T22:00:00","modified_gmt":"2012-04-13T22:00:00","slug":"renee-albertson","status":"publish","type":"page","link":"https:\/\/dev.blogs.oregonstate.edu\/marquesas\/meet-the-research-team\/renee-albertson\/","title":{"rendered":"Renee Albertson"},"content":{"rendered":"<p>Renee Albertson is a PhD student in the Cetacean Conservation and Genomics Laboratory with the Marine Mammal Institute at Oregon State University. For her PhD project she is using molecular tools to assess the population structure and habitat use of rough-toothed dolphins on a regional scale in the South Pacific, and evaluate phylogeographic distribution on a worldwide scale. She began working with Dr. Poole in French Polynesia as an intern during the humpback whale season in 2005. She received her MSc from Oregon State University\u00a0 in 2009, where she calculated an abundance estimate of French Polynesia\u2019s humpback whales and used genetic demographic tools to investigate possible migration connections of humpback whales from South Pacific breeding grounds to Antarctic feeding Areas. In addition, she teaches FW302:<a href=\"http:\/\/blogs.oregonstate.edu\/marquesas\/files\/2012\/03\/Renee_field.jpg\"><img loading=\"lazy\" decoding=\"async\" class=\"alignleft size-medium wp-image-183\" src=\"http:\/\/blogs.oregonstate.edu\/marquesas\/files\/2012\/03\/Renee_field-155x300.jpg\" alt=\"\" width=\"155\" height=\"300\" srcset=\"https:\/\/osu-wams-blogs-uploads.s3.amazonaws.com\/blogs.dir\/1083\/files\/2012\/03\/Renee_field-155x300.jpg 155w, https:\/\/osu-wams-blogs-uploads.s3.amazonaws.com\/blogs.dir\/1083\/files\/2012\/03\/Renee_field-530x1024.jpg 530w, https:\/\/osu-wams-blogs-uploads.s3.amazonaws.com\/blogs.dir\/1083\/files\/2012\/03\/Renee_field.jpg 1344w\" sizes=\"auto, (max-width: 155px) 100vw, 155px\" \/><\/a> The biology and conservation of marine mammals for Oregon State University.<\/p>\n<p><em>Renee Albertson est \u00e9tudiante en doctorat au laboratoire\u00a0 \u2018Cetacean Conservation and Genomics\u2019 de l\u2018lnstitut des Mammif\u00e8res Marins \u00e0 Oregon State. Pour son projet de th\u00e8se, elle utilise des outils mol\u00e9culaires pour \u00e9valuer la structure de population et l\u2019utilisation de l\u2019habitat des dauphins \u00e0 bec \u00e9troit \u00e0 l\u2019\u00e9chelle du Pacifique Sud. Elle s\u2019int\u00e9resse \u00e9galement \u00e0 la distribution phylog\u00e9ographique de l\u2019esp\u00e8ce \u00e0 l\u2019\u00e9chelle mondiale. Elle a commenc\u00e9 \u00e0 travailler sur les mammif\u00e8res marins en 2005, comme stagiaire du Dr. Poole pendant la saison de reproduction des baleines \u00e0 bosse. En 2009, elle a fini son Master en Science \u00e0 l\u2019Universit\u00e9 d\u2019Oregon State, pour lequel elle a estim\u00e9 l\u2019abondance de la population de baleines \u00e0 bosse en Polyn\u00e9sie Fran\u00e7aise ainsi que les connections migratoires entre les zones de reproduction du Pacifique Sud et les zones de nourrissage de l\u2019Antarctique. Elle est \u00e9galement en charge de l\u2019enseignement du court FW302\u00a0sur la biologie et la conservation des mammif\u00e8res marins \u00e0 l\u2019Universit\u00e9 Oregon State.<\/em><em><\/em><\/p>\n","protected":false},"excerpt":{"rendered":"<p>Renee Albertson is a PhD student in the Cetacean Conservation and Genomics Laboratory with the Marine Mammal Institute at Oregon State University. For her PhD project she is using molecular tools to assess the population structure and habitat use of &hellip; <a href=\"https:\/\/dev.blogs.oregonstate.edu\/marquesas\/meet-the-research-team\/renee-albertson\/\">Continue reading <span class=\"meta-nav\">&rarr;<\/span><\/a><\/p>\n","protected":false},"author":3761,"featured_media":0,"parent":10,"menu_order":4,"comment_status":"open","ping_status":"open","template":"","meta":{"footnotes":""},"class_list":["post-45","page","type-page","status-publish","hentry"],"_links":{"self":[{"href":"https:\/\/dev.blogs.oregonstate.edu\/marquesas\/wp-json\/wp\/v2\/pages\/45","targetHints":{"allow":["GET"]}}],"collection":[{"href":"https:\/\/dev.blogs.oregonstate.edu\/marquesas\/wp-json\/wp\/v2\/pages"}],"about":[{"href":"https:\/\/dev.blogs.oregonstate.edu\/marquesas\/wp-json\/wp\/v2\/types\/page"}],"author":[{"embeddable":true,"href":"https:\/\/dev.blogs.oregonstate.edu\/marquesas\/wp-json\/wp\/v2\/users\/3761"}],"replies":[{"embeddable":true,"href":"https:\/\/dev.blogs.oregonstate.edu\/marquesas\/wp-json\/wp\/v2\/comments?post=45"}],"version-history":[{"count":4,"href":"https:\/\/dev.blogs.oregonstate.edu\/marquesas\/wp-json\/wp\/v2\/pages\/45\/revisions"}],"predecessor-version":[{"id":171,"href":"https:\/\/dev.blogs.oregonstate.edu\/marquesas\/wp-json\/wp\/v2\/pages\/45\/revisions\/171"}],"up":[{"embeddable":true,"href":"https:\/\/dev.blogs.oregonstate.edu\/marquesas\/wp-json\/wp\/v2\/pages\/10"}],"wp:attachment":[{"href":"https:\/\/dev.blogs.oregonstate.edu\/marquesas\/wp-json\/wp\/v2\/media?parent=45"}],"curies":[{"name":"wp","href":"https:\/\/api.w.org\/{rel}","templated":true}]}}