{"id":34,"date":"2012-03-21T20:15:02","date_gmt":"2012-03-21T20:15:02","guid":{"rendered":"http:\/\/blogs.oregonstate.edu\/marquesas\/?page_id=34"},"modified":"2012-04-13T21:49:37","modified_gmt":"2012-04-13T21:49:37","slug":"dr-scott-baker","status":"publish","type":"page","link":"https:\/\/dev.blogs.oregonstate.edu\/marquesas\/meet-the-research-team\/dr-scott-baker\/","title":{"rendered":"Dr. Scott Baker"},"content":{"rendered":"<div><a href=\"http:\/\/blogs.oregonstate.edu\/marquesas\/files\/2012\/03\/Baker.png\"><img loading=\"lazy\" decoding=\"async\" class=\"alignleft size-medium wp-image-35\" src=\"http:\/\/blogs.oregonstate.edu\/marquesas\/files\/2012\/03\/Baker-267x300.png\" alt=\"\" width=\"267\" height=\"300\" srcset=\"https:\/\/osu-wams-blogs-uploads.s3.amazonaws.com\/blogs.dir\/1083\/files\/2012\/03\/Baker-267x300.png 267w, https:\/\/osu-wams-blogs-uploads.s3.amazonaws.com\/blogs.dir\/1083\/files\/2012\/03\/Baker.png 480w\" sizes=\"auto, (max-width: 267px) 100vw, 267px\" \/><\/a>Scott Baker is the Associate Director of the Marine Mammal  Institute at Oregon State University and Professor of Biological Science  at University of Auckland, New Zealand. He has been active in research  and conservation of whales and dolphins in New Zealand and the South  Pacific since 1991. He is a founding member of the South Pacific Whale  Research Consortium and a Pew Fellow in Marine Conservation. Scott&#8217;s  Pew-funded project, &#8216;A Pattern of Dolphins&#8217; (or aPOD), seeks to improve  our understanding of the connectivity and isolation of dolphin  communities around islands in the South Pacific.<\/div>\n<div>\n<p><em>Scott Baker est le Directeur Associ\u00e9 de l\u2019Institut des Mammif\u00e8res Marins \u00e0 l\u2019Universit\u00e9 Oregon State, USA, ainsi que Professeur en Sciences Biologiques \u00e0 l\u2019Universit\u00e9 d\u2019Auckland, Nouvelle Z\u00e9lande. Depuis 1991, il a men\u00e9 et supervis\u00e9 de nombreux projets de recherches et de conservation sur les baleines et dauphins du Pacifique Sud. Comme Michael, il est un des membres fondateurs du Groupe de Recherche sur les Baleines du Pacifique Sud. Scott a \u00e9galement r\u00e9cemment re\u00e7u une bourse de la fondation Pew pour la conservation du milieu marin. Son projet, intitul\u00e9 \u2018A Pattern of Dolphins\u2019 (ou aPOD), vise \u00e0 am\u00e9liorer notre compr\u00e9hension des niveaux de connectivit\u00e9 et d\u2019isolation des communaut\u00e9s de dauphins autour des \u00eeles du Pacifique Sud.<\/em><\/p>\n<\/div>\n","protected":false},"excerpt":{"rendered":"<p>Scott Baker is the Associate Director of the Marine Mammal Institute at Oregon State University and Professor of Biological Science at University of Auckland, New Zealand. He has been active in research and conservation of whales and dolphins in New &hellip; <a href=\"https:\/\/dev.blogs.oregonstate.edu\/marquesas\/meet-the-research-team\/dr-scott-baker\/\">Continue reading <span class=\"meta-nav\">&rarr;<\/span><\/a><\/p>\n","protected":false},"author":3761,"featured_media":0,"parent":10,"menu_order":4,"comment_status":"open","ping_status":"open","template":"","meta":{"footnotes":""},"class_list":["post-34","page","type-page","status-publish","hentry"],"_links":{"self":[{"href":"https:\/\/dev.blogs.oregonstate.edu\/marquesas\/wp-json\/wp\/v2\/pages\/34","targetHints":{"allow":["GET"]}}],"collection":[{"href":"https:\/\/dev.blogs.oregonstate.edu\/marquesas\/wp-json\/wp\/v2\/pages"}],"about":[{"href":"https:\/\/dev.blogs.oregonstate.edu\/marquesas\/wp-json\/wp\/v2\/types\/page"}],"author":[{"embeddable":true,"href":"https:\/\/dev.blogs.oregonstate.edu\/marquesas\/wp-json\/wp\/v2\/users\/3761"}],"replies":[{"embeddable":true,"href":"https:\/\/dev.blogs.oregonstate.edu\/marquesas\/wp-json\/wp\/v2\/comments?post=34"}],"version-history":[{"count":4,"href":"https:\/\/dev.blogs.oregonstate.edu\/marquesas\/wp-json\/wp\/v2\/pages\/34\/revisions"}],"predecessor-version":[{"id":182,"href":"https:\/\/dev.blogs.oregonstate.edu\/marquesas\/wp-json\/wp\/v2\/pages\/34\/revisions\/182"}],"up":[{"embeddable":true,"href":"https:\/\/dev.blogs.oregonstate.edu\/marquesas\/wp-json\/wp\/v2\/pages\/10"}],"wp:attachment":[{"href":"https:\/\/dev.blogs.oregonstate.edu\/marquesas\/wp-json\/wp\/v2\/media?parent=34"}],"curies":[{"name":"wp","href":"https:\/\/api.w.org\/{rel}","templated":true}]}}