{"id":17,"date":"2012-03-20T18:27:51","date_gmt":"2012-03-20T18:27:51","guid":{"rendered":"http:\/\/blogs.oregonstate.edu\/marquesas\/?page_id=17"},"modified":"2012-04-13T21:47:44","modified_gmt":"2012-04-13T21:47:44","slug":"dr-marc-oremus","status":"publish","type":"page","link":"https:\/\/dev.blogs.oregonstate.edu\/marquesas\/meet-the-research-team\/dr-marc-oremus\/","title":{"rendered":"Dr. Marc Oremus"},"content":{"rendered":"<p><strong><a href=\"http:\/\/blogs.oregonstate.edu\/marquesas\/files\/2012\/03\/Marc_photo-blog1.jpg\"><img loading=\"lazy\" decoding=\"async\" class=\"alignleft size-medium wp-image-39\" src=\"http:\/\/blogs.oregonstate.edu\/marquesas\/files\/2012\/03\/Marc_photo-blog1-211x300.jpg\" alt=\"\" width=\"211\" height=\"300\" srcset=\"https:\/\/osu-wams-blogs-uploads.s3.amazonaws.com\/blogs.dir\/1083\/files\/2012\/03\/Marc_photo-blog1-211x300.jpg 211w, https:\/\/osu-wams-blogs-uploads.s3.amazonaws.com\/blogs.dir\/1083\/files\/2012\/03\/Marc_photo-blog1.jpg 715w\" sizes=\"auto, (max-width: 211px) 100vw, 211px\" \/><\/a>Marc Oremus <\/strong>is a consultant in marine mammal biology based in Noum\u00e9a, New Caledonia, where he works in close collaboration with the non-governmental organization Op\u00e9ration C\u00e9tac\u00e9s (www.operationcetaces.nc). He completed his Ph.D. at the University of Auckland in 2008, investigating population structure and social systems in several species of Delphinidae. He is primarily interested in the molecular ecology and conservation of small cetaceans and dugongs in the South Pacific, where he has been conducting research since 2002. He is a member of the IUCN Cetacean Specialist Group and of the South Pacific Whale Research Consortium.<\/p>\n<p><em>Marc Oremus est un consultant en biologie marine bas\u00e9 \u00e0 Noum\u00e9a, Nouvelle Cal\u00e9donie,\u00a0 sp\u00e9cialis\u00e9 dans l\u2019\u00e9tude des mammif\u00e8res marins. Il travaille r\u00e9guli\u00e8rement pour l\u2019organisation non gouvernementale Op\u00e9ration C\u00e9tac\u00e9s (<\/em><a href=\"http:\/\/www.operationcetaces.nc\/\"><em>www.operationcetaces.nc<\/em><\/a><em>). Marc a termin\u00e9 son doctorat \u00e0 l\u2019Universit\u00e9 d\u2019Auckland en 2008, pour lequel il a travaill\u00e9 sur la structure de population et les syst\u00e8mes sociaux de plusieurs esp\u00e8ces de Delphinidae. Il s\u2019int\u00e9resse particuli\u00e8rement \u00e0 l\u2019\u00e9cologie mol\u00e9culaire et \u00e0 la conservation des petits c\u00e9tac\u00e9s et des dugongs dans le Pacifique Sud, o\u00f9 il conduit des recherches depuis 2002. Il est membre du Group des Sp\u00e9cialistes des C\u00e9tac\u00e9s des l\u2019UICN et du Group de Recherches sur les Baleines du Pacifique Sud.<\/em><\/p>\n","protected":false},"excerpt":{"rendered":"<p>Marc Oremus is a consultant in marine mammal biology based in Noum\u00e9a, New Caledonia, where he works in close collaboration with the non-governmental organization Op\u00e9ration C\u00e9tac\u00e9s (www.operationcetaces.nc). He completed his Ph.D. at the University of Auckland in 2008, investigating population &hellip; <a href=\"https:\/\/dev.blogs.oregonstate.edu\/marquesas\/meet-the-research-team\/dr-marc-oremus\/\">Continue reading <span class=\"meta-nav\">&rarr;<\/span><\/a><\/p>\n","protected":false},"author":3761,"featured_media":0,"parent":10,"menu_order":3,"comment_status":"open","ping_status":"open","template":"onecolumn-page.php","meta":{"footnotes":""},"class_list":["post-17","page","type-page","status-publish","hentry"],"_links":{"self":[{"href":"https:\/\/dev.blogs.oregonstate.edu\/marquesas\/wp-json\/wp\/v2\/pages\/17","targetHints":{"allow":["GET"]}}],"collection":[{"href":"https:\/\/dev.blogs.oregonstate.edu\/marquesas\/wp-json\/wp\/v2\/pages"}],"about":[{"href":"https:\/\/dev.blogs.oregonstate.edu\/marquesas\/wp-json\/wp\/v2\/types\/page"}],"author":[{"embeddable":true,"href":"https:\/\/dev.blogs.oregonstate.edu\/marquesas\/wp-json\/wp\/v2\/users\/3761"}],"replies":[{"embeddable":true,"href":"https:\/\/dev.blogs.oregonstate.edu\/marquesas\/wp-json\/wp\/v2\/comments?post=17"}],"version-history":[{"count":9,"href":"https:\/\/dev.blogs.oregonstate.edu\/marquesas\/wp-json\/wp\/v2\/pages\/17\/revisions"}],"predecessor-version":[{"id":136,"href":"https:\/\/dev.blogs.oregonstate.edu\/marquesas\/wp-json\/wp\/v2\/pages\/17\/revisions\/136"}],"up":[{"embeddable":true,"href":"https:\/\/dev.blogs.oregonstate.edu\/marquesas\/wp-json\/wp\/v2\/pages\/10"}],"wp:attachment":[{"href":"https:\/\/dev.blogs.oregonstate.edu\/marquesas\/wp-json\/wp\/v2\/media?parent=17"}],"curies":[{"name":"wp","href":"https:\/\/api.w.org\/{rel}","templated":true}]}}