{"id":10,"date":"2012-03-20T18:27:19","date_gmt":"2012-03-20T18:27:19","guid":{"rendered":"http:\/\/blogs.oregonstate.edu\/marquesas\/?page_id=10"},"modified":"2012-04-13T21:46:01","modified_gmt":"2012-04-13T21:46:01","slug":"meet-the-research-team","status":"publish","type":"page","link":"https:\/\/dev.blogs.oregonstate.edu\/marquesas\/meet-the-research-team\/","title":{"rendered":"Meet the research team! Rencontre avec l\u2019\u00e9quipe!"},"content":{"rendered":"<p>Our research team includes Michael Poole of French Polynesia&#8217;s Marine Mammal Research Program, Marc Oremus a consultant in New Caledonia who works closely with Op\u00e9ration C\u00e9tac\u00e9s, Scott Baker and Renee Albertson of Oregon State University, and several volunteers.<\/p>\n","protected":false},"excerpt":{"rendered":"<p>Our research team includes Michael Poole of French Polynesia&#8217;s Marine Mammal Research Program, Marc Oremus a consultant in New Caledonia who works closely with Op\u00e9ration C\u00e9tac\u00e9s, Scott Baker and Renee Albertson of Oregon State University, and several volunteers.<\/p>\n","protected":false},"author":3761,"featured_media":0,"parent":0,"menu_order":1,"comment_status":"open","ping_status":"open","template":"onecolumn-page.php","meta":{"footnotes":""},"class_list":["post-10","page","type-page","status-publish","hentry"],"_links":{"self":[{"href":"https:\/\/dev.blogs.oregonstate.edu\/marquesas\/wp-json\/wp\/v2\/pages\/10","targetHints":{"allow":["GET"]}}],"collection":[{"href":"https:\/\/dev.blogs.oregonstate.edu\/marquesas\/wp-json\/wp\/v2\/pages"}],"about":[{"href":"https:\/\/dev.blogs.oregonstate.edu\/marquesas\/wp-json\/wp\/v2\/types\/page"}],"author":[{"embeddable":true,"href":"https:\/\/dev.blogs.oregonstate.edu\/marquesas\/wp-json\/wp\/v2\/users\/3761"}],"replies":[{"embeddable":true,"href":"https:\/\/dev.blogs.oregonstate.edu\/marquesas\/wp-json\/wp\/v2\/comments?post=10"}],"version-history":[{"count":10,"href":"https:\/\/dev.blogs.oregonstate.edu\/marquesas\/wp-json\/wp\/v2\/pages\/10\/revisions"}],"predecessor-version":[{"id":51,"href":"https:\/\/dev.blogs.oregonstate.edu\/marquesas\/wp-json\/wp\/v2\/pages\/10\/revisions\/51"}],"wp:attachment":[{"href":"https:\/\/dev.blogs.oregonstate.edu\/marquesas\/wp-json\/wp\/v2\/media?parent=10"}],"curies":[{"name":"wp","href":"https:\/\/api.w.org\/{rel}","templated":true}]}}