{"id":46,"date":"2016-05-25T02:46:55","date_gmt":"2016-05-25T02:46:55","guid":{"rendered":"http:\/\/blogs.oregonstate.edu\/jordancoxfr213\/?page_id=46"},"modified":"2016-05-25T02:47:59","modified_gmt":"2016-05-25T02:47:59","slug":"blog-poste-4","status":"publish","type":"page","link":"https:\/\/dev.blogs.oregonstate.edu\/jordancoxfr213\/blog-poste-4\/","title":{"rendered":"Blog Poste 4"},"content":{"rendered":"<p>Mon Portable en Fran\u00e7ais<\/p>\n<p><span lang=\"FR\"><span style=\"color: #000000;font-family: Calibri;font-size: medium\">Le portable est unique.<\/span><span style=\"color: #000000;font-family: Calibri;font-size: medium\">\u00a0 <\/span><span style=\"color: #000000;font-family: Calibri;font-size: medium\">Il n\u2019y a pas quelqu\u2019un autre chose qu\u2019on apport partout et utiliser sans excuse.<\/span><span style=\"color: #000000;font-family: Calibri;font-size: medium\">\u00a0 <\/span><span style=\"color: #000000;font-family: Calibri;font-size: medium\">Ils sont plus cher et tout le monde ils a.<\/span><span style=\"color: #000000;font-family: Calibri;font-size: medium\">\u00a0 <\/span><span style=\"color: #000000;font-family: Calibri;font-size: medium\">Mais comme ce fait\u00a0?<\/span><span style=\"color: #000000;font-family: Calibri;font-size: medium\">\u00a0 <\/span><span style=\"color: #000000;font-family: Calibri;font-size: medium\">Et que faire qu\u2019on mon portable est en un autre langue que je ne connais tr\u00e8s bien\u00a0?<\/span><span style=\"color: #000000;font-family: Calibri;font-size: medium\">\u00a0 <\/span><\/span><\/p>\n<p><span lang=\"FR\"><span style=\"color: #000000;font-family: Calibri;font-size: medium\"><a href=\"http:\/\/blogs.oregonstate.edu\/jordancoxfr213\/files\/2016\/05\/iphone-wiki.png\"><img loading=\"lazy\" decoding=\"async\" class=\"size-medium wp-image-34 aligncenter\" src=\"http:\/\/blogs.oregonstate.edu\/jordancoxfr213\/files\/2016\/05\/iphone-wiki-300x277.png\" alt=\"iphone wiki\" width=\"300\" height=\"277\" srcset=\"https:\/\/osu-wams-blogs-uploads.s3.amazonaws.com\/blogs.dir\/2678\/files\/2016\/05\/iphone-wiki-300x277.png 300w, https:\/\/osu-wams-blogs-uploads.s3.amazonaws.com\/blogs.dir\/2678\/files\/2016\/05\/iphone-wiki.png 375w\" sizes=\"auto, (max-width: 300px) 100vw, 300px\" \/><\/a><\/span><\/span><\/p>\n<p style=\"text-align: center\">Photo \u00e0 Wiki.fr<\/p>\n<p><span lang=\"FR\"><span style=\"color: #000000;font-family: Calibri;font-size: medium\">Donc, parce que le portable est tr\u00e8s important, il y a un peut-\u00eatre d\u2019histoire \u00e0 raconter. En 2007 Apple lance que beaucoup des personnes croient \u00eatre le premi\u00e8re \u2018Smartphone\u2019 ou le t\u00e9l\u00e9phone intelligent. Le t\u00e9l\u00e9phone intelligent compris quelques choses.<\/span><span style=\"color: #000000;font-family: Calibri;font-size: medium\">\u00a0 <\/span><span style=\"color: #000000;font-family: Calibri;font-size: medium\">Il peut aller sur ligne, et utilise les applications.<\/span><span style=\"color: #000000;font-family: Calibri;font-size: medium\">\u00a0 <\/span><span style=\"color: #000000;font-family: Calibri;font-size: medium\">En 2008 autre entreprises lancent leurs portables.<\/span><span style=\"color: #000000;font-family: Calibri;font-size: medium\">\u00a0 <\/span><span style=\"color: #000000;font-family: Calibri;font-size: medium\">Le t\u00e9l\u00e9phone intelligent a devenu le chose que plus importance.<\/span><span style=\"color: #000000;font-family: Calibri;font-size: medium\">\u00a0 <\/span><\/span><\/p>\n<p><span lang=\"FR\"><span style=\"color: #000000;font-family: Calibri;font-size: medium\">Le t\u00e9l\u00e9phone portable est partout et tout le monde presque il a.<\/span><span style=\"color: #000000;font-family: Calibri;font-size: medium\">\u00a0 <\/span><span style=\"color: #000000;font-family: Calibri;font-size: medium\">Le t\u00e9l\u00e9phone portable n\u2019est pas seulement tr\u00e8s puissant, il change comme nous nous communiquons.<\/span><span style=\"color: #000000;font-family: Calibri;font-size: medium\">\u00a0 <\/span><span style=\"color: #000000;font-family: Calibri;font-size: medium\">Pour exemple, avant l\u2019invention, quand on mange avec ta famille, c\u2019est impoli \u00e0 lire, ou \u00e0 regarder la t\u00e9l\u00e9.<\/span><span style=\"color: #000000;font-family: Calibri;font-size: medium\">\u00a0 <\/span><span style=\"color: #000000;font-family: Calibri;font-size: medium\">Mais maintenant les enfants, et les parents aussi utilise tout le temps.<\/span><span style=\"color: #000000;font-family: Calibri;font-size: medium\">\u00a0 <\/span><span style=\"color: #000000;font-family: Calibri;font-size: medium\">C\u2019est fou\u00a0!<\/span><span style=\"color: #000000;font-family: Calibri;font-size: medium\">\u00a0 <\/span><\/span><\/p>\n<p><span lang=\"FR\"><span style=\"color: #000000;font-family: Calibri;font-size: medium\">Pour moi, je veux discuter que faire quand je change le langue principal sur mon smartphone.<\/span><\/span><\/p>\n<p><span lang=\"FR\"><span style=\"color: #000000;font-family: Calibri;font-size: medium\">J\u2019utilise mon portable le m\u00eame que tout le monde.<\/span><span style=\"color: #000000;font-family: Calibri;font-size: medium\">\u00a0 <\/span><span style=\"color: #000000;font-family: Calibri;font-size: medium\">J\u2019adore \u00e0 communique avec mes amis et mes parents.<\/span><span style=\"color: #000000;font-family: Calibri;font-size: medium\">\u00a0 <\/span><span style=\"color: #000000;font-family: Calibri;font-size: medium\">Je peux voire mes s\u0153urs et leurs enfants.<\/span><span style=\"color: #000000;font-family: Calibri;font-size: medium\">\u00a0 <\/span><span style=\"color: #000000;font-family: Calibri;font-size: medium\">Mais quand j\u2019ai chang\u00e9 le langue principal, tout a change.<\/span><span style=\"color: #000000;font-family: Calibri;font-size: medium\">\u00a0 <\/span><span style=\"color: #000000;font-family: Calibri;font-size: medium\">Je crois c\u2019est bien, mais je ne crois pas je puisse rester ici.<\/span><span style=\"color: #000000;font-family: Calibri;font-size: medium\">\u00a0 <\/span><\/span><\/p>\n<p><span lang=\"FR\"><span style=\"color: #000000;font-family: Calibri;font-size: medium\"><a href=\"http:\/\/blogs.oregonstate.edu\/jordancoxfr213\/files\/2016\/05\/Screenshot_20160524-154957.png\"><img loading=\"lazy\" decoding=\"async\" class=\"size-medium wp-image-36 alignleft\" src=\"http:\/\/blogs.oregonstate.edu\/jordancoxfr213\/files\/2016\/05\/Screenshot_20160524-154957-169x300.png\" alt=\"Screenshot_20160524-154957\" width=\"169\" height=\"300\" srcset=\"https:\/\/osu-wams-blogs-uploads.s3.amazonaws.com\/blogs.dir\/2678\/files\/2016\/05\/Screenshot_20160524-154957-169x300.png 169w, https:\/\/osu-wams-blogs-uploads.s3.amazonaws.com\/blogs.dir\/2678\/files\/2016\/05\/Screenshot_20160524-154957-768x1365.png 768w, https:\/\/osu-wams-blogs-uploads.s3.amazonaws.com\/blogs.dir\/2678\/files\/2016\/05\/Screenshot_20160524-154957-576x1024.png 576w, https:\/\/osu-wams-blogs-uploads.s3.amazonaws.com\/blogs.dir\/2678\/files\/2016\/05\/Screenshot_20160524-154957-624x1109.png 624w, https:\/\/osu-wams-blogs-uploads.s3.amazonaws.com\/blogs.dir\/2678\/files\/2016\/05\/Screenshot_20160524-154957.png 1080w\" sizes=\"auto, (max-width: 169px) 100vw, 169px\" \/><br \/>\n<\/a><\/span><\/span><\/p>\n<p><span lang=\"FR\"><span style=\"color: #000000;font-family: Calibri;font-size: medium\">D\u2019aboard je ne peux trouver pas tout les param\u00e8tres qu\u2019on il faut utiliser.<\/span><span style=\"color: #000000;font-family: Calibri;font-size: medium\">\u00a0 <\/span><span style=\"color: #000000;font-family: Calibri;font-size: medium\">Mais c\u2019est bonne parce que j\u2019apporte le phrase idiomatique.<\/span><span style=\"color: #000000;font-family: Calibri;font-size: medium\">\u00a0 <\/span><span style=\"color: #000000;font-family: Calibri;font-size: medium\">Pour exemple, pour le phrase anglais \u2018Download\u2019, j\u2019ai apport\u00e9 le phrase en fran\u00e7ais est \u2018T\u00e9l\u00e9chargements\u2019.<\/span><span style=\"color: #000000;font-family: Calibri;font-size: medium\">\u00a0 <\/span><span style=\"color: #000000;font-family: Calibri;font-size: medium\">Aussi quand j\u2019ouvre un application, il utilise le m\u00eame langue que mon portable.<\/span><span style=\"color: #000000;font-family: Calibri;font-size: medium\">\u00a0 <\/span><span style=\"color: #000000;font-family: Calibri;font-size: medium\">J\u2019essaye \u00e0 lire en fran\u00e7ais.<\/span><span style=\"color: #000000;font-family: Calibri;font-size: medium\">\u00a0 <\/span><span style=\"color: #000000;font-family: Calibri;font-size: medium\">Mais souvent j\u2019a l\u2019air perdre.<\/span><span style=\"color: #000000;font-family: Calibri;font-size: medium\">\u00a0 <\/span><span style=\"color: #000000;font-family: Calibri;font-size: medium\">L\u2019autre jour j\u2019ai utilise le Tweeter, et il y a trois nouveaux gens qui mois suivre.<\/span><span style=\"color: #000000;font-family: Calibri;font-size: medium\">\u00a0 <\/span><span style=\"color: #000000;font-family: Calibri;font-size: medium\">\u00a0<\/span><span style=\"color: #000000;font-family: Calibri;font-size: medium\">\u00a0\u00a0<\/span><span style=\"color: #000000;font-family: Calibri;font-size: medium\">Mais je ne comprends pas le phrase \u2018suivre\u2019 et je pense il a envoy\u00e9-moi un message.<\/span><span style=\"color: #000000;font-family: Calibri;font-size: medium\">\u00a0 <\/span><\/span><\/p>\n<p><a href=\"http:\/\/blogs.oregonstate.edu\/jordancoxfr213\/files\/2016\/05\/Screenshot_20160524-192526.png\"><img loading=\"lazy\" decoding=\"async\" class=\"size-medium wp-image-37 aligncenter\" src=\"http:\/\/blogs.oregonstate.edu\/jordancoxfr213\/files\/2016\/05\/Screenshot_20160524-192526-169x300.png\" alt=\"Screenshot_20160524-192526\" width=\"169\" height=\"300\" srcset=\"https:\/\/osu-wams-blogs-uploads.s3.amazonaws.com\/blogs.dir\/2678\/files\/2016\/05\/Screenshot_20160524-192526-169x300.png 169w, https:\/\/osu-wams-blogs-uploads.s3.amazonaws.com\/blogs.dir\/2678\/files\/2016\/05\/Screenshot_20160524-192526-768x1365.png 768w, https:\/\/osu-wams-blogs-uploads.s3.amazonaws.com\/blogs.dir\/2678\/files\/2016\/05\/Screenshot_20160524-192526-576x1024.png 576w, https:\/\/osu-wams-blogs-uploads.s3.amazonaws.com\/blogs.dir\/2678\/files\/2016\/05\/Screenshot_20160524-192526-624x1109.png 624w, https:\/\/osu-wams-blogs-uploads.s3.amazonaws.com\/blogs.dir\/2678\/files\/2016\/05\/Screenshot_20160524-192526.png 1080w\" sizes=\"auto, (max-width: 169px) 100vw, 169px\" \/><\/a><\/p>\n<p><span lang=\"FR\"><span style=\"color: #000000;font-family: Calibri;font-size: medium\">Si on pouvait, je penserais c\u2019est une bonne id\u00e9e \u00e0 changer le langue pour ton smartphone.<\/span><span style=\"color: #000000;font-family: Calibri;font-size: medium\">\u00a0 <\/span><span style=\"color: #000000;font-family: Calibri;font-size: medium\">On apprend nouveau vocabulaire et les phrases qu\u2019est contemporain pour technologie. <\/span><span style=\"color: #000000;font-family: Calibri;font-size: medium\">\u00a0<\/span><span style=\"color: #000000;font-family: Calibri;font-size: medium\">Mais il ne faut pas dispenser argent avec ton smartphone, le fran\u00e7ais utilise la virgule en place du le p\u00e9riode pour les nombres\u00a0!<\/span><span style=\"color: #000000;font-family: Calibri;font-size: medium\">\u00a0 <\/span><span style=\"color: #000000;font-family: Calibri;font-size: medium\">C\u2019est possible on fait une grosse erreur\u00a0!<\/span><span style=\"color: #000000;font-family: Calibri;font-size: medium\">\u00a0 <\/span><span style=\"color: #000000;font-family: Calibri;font-size: medium\">Bonne Chance\u00a0!<\/span><\/span><\/p>\n","protected":false},"excerpt":{"rendered":"<p>Mon Portable en Fran\u00e7ais Le portable est unique.\u00a0 Il n\u2019y a pas quelqu\u2019un autre chose qu\u2019on apport partout et utiliser sans excuse.\u00a0 Ils sont plus cher et tout le monde ils a.\u00a0 Mais comme ce fait\u00a0?\u00a0 Et que faire qu\u2019on mon portable est en un autre langue que je ne connais tr\u00e8s bien\u00a0?\u00a0 Photo \u00e0 [&hellip;]<\/p>\n","protected":false},"author":7784,"featured_media":0,"parent":0,"menu_order":0,"comment_status":"closed","ping_status":"closed","template":"","meta":{"footnotes":""},"class_list":["post-46","page","type-page","status-publish","hentry"],"_links":{"self":[{"href":"https:\/\/dev.blogs.oregonstate.edu\/jordancoxfr213\/wp-json\/wp\/v2\/pages\/46","targetHints":{"allow":["GET"]}}],"collection":[{"href":"https:\/\/dev.blogs.oregonstate.edu\/jordancoxfr213\/wp-json\/wp\/v2\/pages"}],"about":[{"href":"https:\/\/dev.blogs.oregonstate.edu\/jordancoxfr213\/wp-json\/wp\/v2\/types\/page"}],"author":[{"embeddable":true,"href":"https:\/\/dev.blogs.oregonstate.edu\/jordancoxfr213\/wp-json\/wp\/v2\/users\/7784"}],"replies":[{"embeddable":true,"href":"https:\/\/dev.blogs.oregonstate.edu\/jordancoxfr213\/wp-json\/wp\/v2\/comments?post=46"}],"version-history":[{"count":3,"href":"https:\/\/dev.blogs.oregonstate.edu\/jordancoxfr213\/wp-json\/wp\/v2\/pages\/46\/revisions"}],"predecessor-version":[{"id":49,"href":"https:\/\/dev.blogs.oregonstate.edu\/jordancoxfr213\/wp-json\/wp\/v2\/pages\/46\/revisions\/49"}],"wp:attachment":[{"href":"https:\/\/dev.blogs.oregonstate.edu\/jordancoxfr213\/wp-json\/wp\/v2\/media?parent=46"}],"curies":[{"name":"wp","href":"https:\/\/api.w.org\/{rel}","templated":true}]}}