{"id":44,"date":"2016-05-25T02:46:28","date_gmt":"2016-05-25T02:46:28","guid":{"rendered":"http:\/\/blogs.oregonstate.edu\/jordancoxfr213\/?page_id=44"},"modified":"2016-05-25T02:48:50","modified_gmt":"2016-05-25T02:48:50","slug":"blog-poste-3","status":"publish","type":"page","link":"https:\/\/dev.blogs.oregonstate.edu\/jordancoxfr213\/blog-poste-3\/","title":{"rendered":"Blog Poste 3"},"content":{"rendered":"<p>D\u00e9couvrez Alcatraz<\/p>\n<p><a href=\"http:\/\/blogs.oregonstate.edu\/jordancoxfr213\/files\/2016\/05\/IMG_2836.jpg\"><img loading=\"lazy\" decoding=\"async\" class=\"size-medium wp-image-23 aligncenter\" src=\"http:\/\/blogs.oregonstate.edu\/jordancoxfr213\/files\/2016\/05\/IMG_2836-300x225.jpg\" alt=\"IMG_2836\" width=\"300\" height=\"225\" srcset=\"https:\/\/osu-wams-blogs-uploads.s3.amazonaws.com\/blogs.dir\/2678\/files\/2016\/05\/IMG_2836-300x225.jpg 300w, https:\/\/osu-wams-blogs-uploads.s3.amazonaws.com\/blogs.dir\/2678\/files\/2016\/05\/IMG_2836-1024x768.jpg 1024w, https:\/\/osu-wams-blogs-uploads.s3.amazonaws.com\/blogs.dir\/2678\/files\/2016\/05\/IMG_2836-624x468.jpg 624w\" sizes=\"auto, (max-width: 300px) 100vw, 300px\" \/><\/a><\/p>\n<p>Pour mon troisi\u00e8me blog poste je veux parler sur ma visite \u00e0 le prison Alcatraz.\u00a0 Mais je veux parler aussi sur la topique de prisons en g\u00e9n\u00e9ral.\u00a0 Parce que l\u2019id\u00e9ologie de prison c\u2019est int\u00e9ressant et je compare le prison Alcatraz \u00e0 le Ch\u00e2teau d\u2019If en France, et les diff\u00e9rences entre le deux.<\/p>\n<p>J\u2019ai visit\u00e9 Alcatraz avec les m\u00eames amis qui je suis all\u00e9 Le Bisou avec, Matt et sa \u00e9pouse Jackie.\u00a0 Quand nous sommes arriv\u00e9s sur l\u2019\u00eele de alcatraz, les guides parlaient en anglais, en allemande, en espagnol, et en fran\u00e7ais.\u00a0 Ils ont dit que on peut prendre le guide auditif en tous les langues.<\/p>\n<p>\u2018Quand vous parlez avec les gardes forestiers, direz-ils quelle langue vous pr\u00e9f\u00e9rez.\u2019 Ils ont dit. J\u2019ai choisis le langue France.\u00a0 Pendant la visite, je suis \u00e9tonn\u00e9 que je comprenne la majorit\u00e9.\u00a0 Je marchais lentement et \u00e9coutais au guide auditif en France\u00a0!<a href=\"http:\/\/blogs.oregonstate.edu\/jordancoxfr213\/files\/2016\/05\/IMG_2825-e1462899502366.jpg\"><img loading=\"lazy\" decoding=\"async\" class=\"size-medium wp-image-22 alignleft\" src=\"http:\/\/blogs.oregonstate.edu\/jordancoxfr213\/files\/2016\/05\/IMG_2825-e1462899502366-300x300.jpg\" alt=\"IMG_2825\" width=\"300\" height=\"300\" srcset=\"https:\/\/osu-wams-blogs-uploads.s3.amazonaws.com\/blogs.dir\/2678\/files\/2016\/05\/IMG_2825-e1462899502366-300x300.jpg 300w, https:\/\/osu-wams-blogs-uploads.s3.amazonaws.com\/blogs.dir\/2678\/files\/2016\/05\/IMG_2825-e1462899502366-150x150.jpg 150w, https:\/\/osu-wams-blogs-uploads.s3.amazonaws.com\/blogs.dir\/2678\/files\/2016\/05\/IMG_2825-e1462899502366-1024x1024.jpg 1024w, https:\/\/osu-wams-blogs-uploads.s3.amazonaws.com\/blogs.dir\/2678\/files\/2016\/05\/IMG_2825-e1462899502366-624x624.jpg 624w\" sizes=\"auto, (max-width: 300px) 100vw, 300px\" \/><\/a><\/p>\n<p>Le prison Alcatraz est tr\u00e8s c\u00e9l\u00e8bre parce que criminels qui a tenu-l\u00e0 inclure Al Capone, \u2018Creepy Karpis\u2019, George \u2018\u00a0Machine Gun\u2019, et plus.\u00a0 Ces criminels sont notoirement diaboliques.\u00a0 Le prison Alcatraz a ferm\u00e9 en 1963 et le prisonniers-l\u00e0 ont d\u00e9plac\u00e9.<\/p>\n<p>Quand je r\u00e9fl\u00e9chi sur prisons, je suis surprise que leurs objectifs aillent changer.\u00a0 Pour exemple, le Ch\u00e2teau d\u2019If c\u2019est plus effrayant que Alcatraz.\u00a0 Prisonniers qui tenaient-l\u00e0, ils n\u2019avaient pas l\u2019espoir pour un droit proc\u00e8s, ou libert\u00e9, ou justice.\u00a0 Mais pour Alcatraz l\u2019existence est tr\u00e8s publique et les prisonniers ont droits pour justice.\u00a0 Aussi pendant Alcatraz ouvrait, la raison pour la prison change.\u00a0 Avant le change, la raison pour prisons \u00e9tait \u00e0 puni les criminels.\u00a0 Mais maintenant la raison est \u00e0 se reformer.\u00a0 Je ne crois pas que nous devions puni ils s\u2019il n\u2019y pas l\u2019espoir de change, sauf les cases plus violent.<\/p>\n<p><a href=\"http:\/\/blogs.oregonstate.edu\/jordancoxfr213\/files\/2016\/05\/IMG_20160508_122513.jpg\"><img loading=\"lazy\" decoding=\"async\" class=\"size-medium wp-image-24 aligncenter\" src=\"http:\/\/blogs.oregonstate.edu\/jordancoxfr213\/files\/2016\/05\/IMG_20160508_122513-225x300.jpg\" alt=\"IMG_20160508_122513\" width=\"225\" height=\"300\" srcset=\"https:\/\/osu-wams-blogs-uploads.s3.amazonaws.com\/blogs.dir\/2678\/files\/2016\/05\/IMG_20160508_122513-225x300.jpg 225w, https:\/\/osu-wams-blogs-uploads.s3.amazonaws.com\/blogs.dir\/2678\/files\/2016\/05\/IMG_20160508_122513-768x1024.jpg 768w, https:\/\/osu-wams-blogs-uploads.s3.amazonaws.com\/blogs.dir\/2678\/files\/2016\/05\/IMG_20160508_122513-624x832.jpg 624w\" sizes=\"auto, (max-width: 225px) 100vw, 225px\" \/><\/a><\/p>\n","protected":false},"excerpt":{"rendered":"<p>D\u00e9couvrez Alcatraz Pour mon troisi\u00e8me blog poste je veux parler sur ma visite \u00e0 le prison Alcatraz.\u00a0 Mais je veux parler aussi sur la topique de prisons en g\u00e9n\u00e9ral.\u00a0 Parce que l\u2019id\u00e9ologie de prison c\u2019est int\u00e9ressant et je compare le prison Alcatraz \u00e0 le Ch\u00e2teau d\u2019If en France, et les diff\u00e9rences entre le deux. J\u2019ai [&hellip;]<\/p>\n","protected":false},"author":7784,"featured_media":0,"parent":0,"menu_order":0,"comment_status":"closed","ping_status":"closed","template":"","meta":{"footnotes":""},"class_list":["post-44","page","type-page","status-publish","hentry"],"_links":{"self":[{"href":"https:\/\/dev.blogs.oregonstate.edu\/jordancoxfr213\/wp-json\/wp\/v2\/pages\/44","targetHints":{"allow":["GET"]}}],"collection":[{"href":"https:\/\/dev.blogs.oregonstate.edu\/jordancoxfr213\/wp-json\/wp\/v2\/pages"}],"about":[{"href":"https:\/\/dev.blogs.oregonstate.edu\/jordancoxfr213\/wp-json\/wp\/v2\/types\/page"}],"author":[{"embeddable":true,"href":"https:\/\/dev.blogs.oregonstate.edu\/jordancoxfr213\/wp-json\/wp\/v2\/users\/7784"}],"replies":[{"embeddable":true,"href":"https:\/\/dev.blogs.oregonstate.edu\/jordancoxfr213\/wp-json\/wp\/v2\/comments?post=44"}],"version-history":[{"count":2,"href":"https:\/\/dev.blogs.oregonstate.edu\/jordancoxfr213\/wp-json\/wp\/v2\/pages\/44\/revisions"}],"predecessor-version":[{"id":51,"href":"https:\/\/dev.blogs.oregonstate.edu\/jordancoxfr213\/wp-json\/wp\/v2\/pages\/44\/revisions\/51"}],"wp:attachment":[{"href":"https:\/\/dev.blogs.oregonstate.edu\/jordancoxfr213\/wp-json\/wp\/v2\/media?parent=44"}],"curies":[{"name":"wp","href":"https:\/\/api.w.org\/{rel}","templated":true}]}}