{"id":40,"date":"2016-05-25T02:45:03","date_gmt":"2016-05-25T02:45:03","guid":{"rendered":"http:\/\/blogs.oregonstate.edu\/jordancoxfr213\/?page_id=40"},"modified":"2016-05-25T02:48:19","modified_gmt":"2016-05-25T02:48:19","slug":"blog-poste-2","status":"publish","type":"page","link":"https:\/\/dev.blogs.oregonstate.edu\/jordancoxfr213\/blog-poste-2\/","title":{"rendered":"Blog Poste 2"},"content":{"rendered":"<p>Le Bisou<\/p>\n<p><span lang=\"FR\"><span style=\"color: #000000;font-family: Calibri;font-size: medium\">Pour travaille, mes amis et moi ont voyag\u00e9 au San Francisco.<\/span><span style=\"color: #000000;font-family: Calibri;font-size: medium\">\u00a0 <\/span><span style=\"color: #000000;font-family: Calibri;font-size: medium\">Nous devons donner des pr\u00e9sentations pour notre recherche.<\/span><span style=\"color: #000000;font-family: Calibri;font-size: medium\">\u00a0\u00a0 <\/span><span style=\"color: #000000;font-family: Calibri;font-size: medium\">Nous avons attendu la conf\u00e9rence de ANS, The American Nuclear Society.<\/span><span style=\"color: #000000;font-family: Calibri;font-size: medium\">\u00a0 <\/span><span style=\"color: #000000;font-family: Calibri;font-size: medium\">Mais quand nous ne occupons pas, nous sortons en San Francisco.<\/span><\/span><\/p>\n<p><a href=\"http:\/\/blogs.oregonstate.edu\/jordancoxfr213\/files\/2016\/04\/IMG_20160419_192701.jpg\"><img loading=\"lazy\" decoding=\"async\" class=\"alignnone size-medium wp-image-16\" src=\"http:\/\/blogs.oregonstate.edu\/jordancoxfr213\/files\/2016\/04\/IMG_20160419_192701-300x225.jpg\" alt=\"IMG_20160419_192701\" width=\"300\" height=\"225\" srcset=\"https:\/\/osu-wams-blogs-uploads.s3.amazonaws.com\/blogs.dir\/2678\/files\/2016\/04\/IMG_20160419_192701-300x225.jpg 300w, https:\/\/osu-wams-blogs-uploads.s3.amazonaws.com\/blogs.dir\/2678\/files\/2016\/04\/IMG_20160419_192701-1024x768.jpg 1024w, https:\/\/osu-wams-blogs-uploads.s3.amazonaws.com\/blogs.dir\/2678\/files\/2016\/04\/IMG_20160419_192701-624x468.jpg 624w\" sizes=\"auto, (max-width: 300px) 100vw, 300px\" \/><\/a><\/p>\n<p><span lang=\"FR\"><span style=\"color: #000000;font-family: Calibri;font-size: medium\">Quand j\u2019ai visit\u00e9 San Francisco j\u2019ai connu que j\u2019ai veux trouver un petit restaurant fran\u00e7ais.<\/span><span style=\"color: #000000;font-family: Calibri;font-size: medium\">\u00a0 <\/span><span style=\"color: #000000;font-family: Calibri;font-size: medium\">Nous avons trouv\u00e9 le restaurant Bisou.<\/span><span style=\"color: #000000;font-family: Calibri;font-size: medium\">\u00a0 <\/span><span style=\"color: #000000;font-family: Calibri;font-size: medium\">Le Bisou a ouvert depuis 2010 et partage l\u2019id\u00e9ologie que la nourriture qu\u2019on mange il faut frais et vient des fermiers du coin.<\/span><span style=\"color: #000000;font-family: Calibri;font-size: medium\">\u00a0 <\/span><span style=\"color: #000000;font-family: Calibri;font-size: medium\">Quand mes amis et moi sommes arriv\u00e9 l\u2019h\u00f4te a parl\u00e9 en France et j\u2019ai r\u00e9pondu en France!<\/span><\/span><\/p>\n<p><span lang=\"FR\"><span style=\"color: #000000;font-family: Calibri;font-size: medium\">Ici est leur site en ligne\u00a0!<\/span><\/span><\/p>\n<p><a href=\"http:\/\/www.bisousf.com\/\"><span lang=\"FR\"><span style=\"color: #0563c1;font-family: Calibri;font-size: medium\">http:\/\/www.bisousf.com\/<\/span><\/span><\/a><\/p>\n<p><span lang=\"FR\"><span style=\"color: #000000;font-family: Calibri;font-size: medium\">Apr\u00e8s nous avons pris notre table, le serveur a donn\u00e9-nous les cartes et a racont\u00e9 les boires et les sp\u00e9ciales pour le soir.<\/span><span style=\"color: #000000;font-family: Calibri;font-size: medium\">\u00a0\u00a0\u00a0 <\/span><span style=\"color: #000000;font-family: Calibri;font-size: medium\">Je crois que quand on visite un nouveau ville ou r\u00e9gion, il vaut mieux que on essaie nourriture plus diff\u00e9rentes et unique. Le serveur, qui parle en France, a racont\u00e9 nous sur le vin, et les cocktails qu\u2019est unique \u00e0 France.<\/span><span style=\"color: #000000;font-family: Calibri;font-size: medium\">\u00a0 <\/span><\/span><\/p>\n<p><span lang=\"FR\"><span style=\"color: #000000;font-family: Calibri;font-size: medium\">Pour l\u2019entr\u00e9e nous avons choisi un plate des charcuteries.<\/span><span style=\"color: #000000;font-family: Calibri;font-size: medium\">\u00a0 <\/span><span style=\"color: #000000;font-family: Calibri;font-size: medium\">Je ne connais pas les nombres de tous les charcuteries, mais ils \u00e9taient tr\u00e8s tr\u00e8s bien.<\/span><span style=\"color: #000000;font-family: Calibri;font-size: medium\">\u00a0 <\/span><span style=\"color: #000000;font-family: Calibri;font-size: medium\">Le plate inclurait quelqu\u2019un salade, du fromage, et des cornichons.<\/span><span style=\"color: #000000;font-family: Calibri;font-size: medium\">\u00a0 <\/span><\/span><\/p>\n<p><a href=\"http:\/\/blogs.oregonstate.edu\/jordancoxfr213\/files\/2016\/04\/IMG_20160419_194731.jpg\"><img loading=\"lazy\" decoding=\"async\" class=\"alignnone size-medium wp-image-17\" src=\"http:\/\/blogs.oregonstate.edu\/jordancoxfr213\/files\/2016\/04\/IMG_20160419_194731-300x224.jpg\" alt=\"IMG_20160419_194731\" width=\"300\" height=\"224\" srcset=\"https:\/\/osu-wams-blogs-uploads.s3.amazonaws.com\/blogs.dir\/2678\/files\/2016\/04\/IMG_20160419_194731-300x224.jpg 300w, https:\/\/osu-wams-blogs-uploads.s3.amazonaws.com\/blogs.dir\/2678\/files\/2016\/04\/IMG_20160419_194731-1024x766.jpg 1024w, https:\/\/osu-wams-blogs-uploads.s3.amazonaws.com\/blogs.dir\/2678\/files\/2016\/04\/IMG_20160419_194731-624x467.jpg 624w\" sizes=\"auto, (max-width: 300px) 100vw, 300px\" \/><\/a><\/p>\n<p><span lang=\"FR\"><span style=\"color: #000000;font-family: Calibri;font-size: medium\">Pendant nous avons d\u00e9cid\u00e9 notre plat principale, nous parlons avec le serveur.<\/span><span style=\"color: #000000;font-family: Calibri;font-size: medium\">\u00a0 <\/span><span style=\"color: #000000;font-family: Calibri;font-size: medium\">Il vient Carcassonne, en France, et il est dans les Etats-Unis depuis 2004.<\/span><span style=\"color: #000000;font-family: Calibri;font-size: medium\">\u00a0 <\/span><span style=\"color: #000000;font-family: Calibri;font-size: medium\">Il a d\u00e9plac\u00e9 \u00e0 travail \u00e0 cette restaurant avec son ami, qui est le cuisiner.<\/span><\/span><\/p>\n<p><span lang=\"FR\"><span style=\"color: #000000;font-family: Calibri;font-size: medium\">Pour mon plat principal j\u2019ai choisi les coquilles Saint Jacques.<\/span><span style=\"color: #000000;font-family: Calibri;font-size: medium\">\u00a0 <\/span><span style=\"color: #000000;font-family: Calibri;font-size: medium\">D\u2019habitude je mange nourriture que est en bonne sant\u00e9, je ne mange pas la viande.<\/span><span style=\"color: #000000;font-family: Calibri;font-size: medium\">\u00a0 <\/span><span style=\"color: #000000;font-family: Calibri;font-size: medium\">Mais quand on voyage, il est essentiel que on mange autre chose.<\/span><span style=\"color: #000000;font-family: Calibri;font-size: medium\">\u00a0 <\/span><span style=\"color: #000000;font-family: Calibri;font-size: medium\">A on go\u00fbte le monde.<\/span><span style=\"color: #000000;font-family: Calibri;font-size: medium\">\u00a0 <\/span><\/span><\/p>\n<p><a href=\"http:\/\/blogs.oregonstate.edu\/jordancoxfr213\/files\/2016\/04\/IMG_20160419_203658.jpg\"><img loading=\"lazy\" decoding=\"async\" class=\"alignnone size-medium wp-image-18\" src=\"http:\/\/blogs.oregonstate.edu\/jordancoxfr213\/files\/2016\/04\/IMG_20160419_203658-300x224.jpg\" alt=\"IMG_20160419_203658\" width=\"300\" height=\"224\" srcset=\"https:\/\/osu-wams-blogs-uploads.s3.amazonaws.com\/blogs.dir\/2678\/files\/2016\/04\/IMG_20160419_203658-300x224.jpg 300w, https:\/\/osu-wams-blogs-uploads.s3.amazonaws.com\/blogs.dir\/2678\/files\/2016\/04\/IMG_20160419_203658-1024x766.jpg 1024w, https:\/\/osu-wams-blogs-uploads.s3.amazonaws.com\/blogs.dir\/2678\/files\/2016\/04\/IMG_20160419_203658-624x467.jpg 624w\" sizes=\"auto, (max-width: 300px) 100vw, 300px\" \/><\/a><\/p>\n<p><span lang=\"FR\"><span style=\"color: #000000;font-family: Calibri;font-size: medium\">Nous avons rest\u00e9 \u00e0 le restaurant il y a trois heures.<\/span><span style=\"color: #000000;font-family: Calibri;font-size: medium\">\u00a0 <\/span><span style=\"color: #000000;font-family: Calibri;font-size: medium\">Il y a soir que je ne peux pas oublier. Ici est mes amis, Matt et Jackie, et nous avons pris un bonne soir ensemble.<\/span><\/span><\/p>\n<p><a href=\"http:\/\/blogs.oregonstate.edu\/jordancoxfr213\/files\/2016\/04\/IMG_20160419_203652.jpg\"><img loading=\"lazy\" decoding=\"async\" class=\"alignnone size-medium wp-image-19\" src=\"http:\/\/blogs.oregonstate.edu\/jordancoxfr213\/files\/2016\/04\/IMG_20160419_203652-300x224.jpg\" alt=\"IMG_20160419_203652\" width=\"300\" height=\"224\" srcset=\"https:\/\/osu-wams-blogs-uploads.s3.amazonaws.com\/blogs.dir\/2678\/files\/2016\/04\/IMG_20160419_203652-300x224.jpg 300w, https:\/\/osu-wams-blogs-uploads.s3.amazonaws.com\/blogs.dir\/2678\/files\/2016\/04\/IMG_20160419_203652-1024x766.jpg 1024w, https:\/\/osu-wams-blogs-uploads.s3.amazonaws.com\/blogs.dir\/2678\/files\/2016\/04\/IMG_20160419_203652-624x467.jpg 624w\" sizes=\"auto, (max-width: 300px) 100vw, 300px\" \/><\/a><\/p>\n<p>Mes amies!<\/p>\n","protected":false},"excerpt":{"rendered":"<p>Le Bisou Pour travaille, mes amis et moi ont voyag\u00e9 au San Francisco.\u00a0 Nous devons donner des pr\u00e9sentations pour notre recherche.\u00a0\u00a0 Nous avons attendu la conf\u00e9rence de ANS, The American Nuclear Society.\u00a0 Mais quand nous ne occupons pas, nous sortons en San Francisco. Quand j\u2019ai visit\u00e9 San Francisco j\u2019ai connu que j\u2019ai veux trouver un [&hellip;]<\/p>\n","protected":false},"author":7784,"featured_media":0,"parent":0,"menu_order":0,"comment_status":"closed","ping_status":"closed","template":"","meta":{"footnotes":""},"class_list":["post-40","page","type-page","status-publish","hentry"],"_links":{"self":[{"href":"https:\/\/dev.blogs.oregonstate.edu\/jordancoxfr213\/wp-json\/wp\/v2\/pages\/40","targetHints":{"allow":["GET"]}}],"collection":[{"href":"https:\/\/dev.blogs.oregonstate.edu\/jordancoxfr213\/wp-json\/wp\/v2\/pages"}],"about":[{"href":"https:\/\/dev.blogs.oregonstate.edu\/jordancoxfr213\/wp-json\/wp\/v2\/types\/page"}],"author":[{"embeddable":true,"href":"https:\/\/dev.blogs.oregonstate.edu\/jordancoxfr213\/wp-json\/wp\/v2\/users\/7784"}],"replies":[{"embeddable":true,"href":"https:\/\/dev.blogs.oregonstate.edu\/jordancoxfr213\/wp-json\/wp\/v2\/comments?post=40"}],"version-history":[{"count":3,"href":"https:\/\/dev.blogs.oregonstate.edu\/jordancoxfr213\/wp-json\/wp\/v2\/pages\/40\/revisions"}],"predecessor-version":[{"id":50,"href":"https:\/\/dev.blogs.oregonstate.edu\/jordancoxfr213\/wp-json\/wp\/v2\/pages\/40\/revisions\/50"}],"wp:attachment":[{"href":"https:\/\/dev.blogs.oregonstate.edu\/jordancoxfr213\/wp-json\/wp\/v2\/media?parent=40"}],"curies":[{"name":"wp","href":"https:\/\/api.w.org\/{rel}","templated":true}]}}